{"id":23,"date":"2025-11-29T07:55:46","date_gmt":"2025-11-29T07:55:46","guid":{"rendered":"https:\/\/seguriteclevante.es\/index.php\/servicios\/"},"modified":"2025-12-06T16:47:48","modified_gmt":"2025-12-06T16:47:48","slug":"servicios-2","status":"publish","type":"page","link":"https:\/\/seguriteclevante.es\/index.php\/servicios-2\/","title":{"rendered":"Servicios"},"content":{"rendered":"\t\t<div data-elementor-type=\"wp-page\" data-elementor-id=\"23\" class=\"elementor elementor-23\">\n\t\t\t\t<div class=\"elementor-element elementor-element-61917a7 e-flex e-con-boxed e-con e-parent\" data-id=\"61917a7\" data-element_type=\"container\">\n\t\t\t\t\t<div class=\"e-con-inner\">\n\t\t\t\t<div class=\"elementor-element elementor-element-116ff05 elementor-widget elementor-widget-heading\" data-id=\"116ff05\" data-element_type=\"widget\" data-widget_type=\"heading.default\">\n\t\t\t\t\t<h1 class=\"elementor-heading-title elementor-size-default\">\ud83d\udee0\ufe0f Servicios de Seguridad en Castell\u00f3n y Valencia<\/h1>\t\t\t\t<\/div>\n\t\t\t\t\t<\/div>\n\t\t\t\t<\/div>\n\t\t<div class=\"elementor-element elementor-element-8530171 e-flex e-con-boxed e-con e-parent\" data-id=\"8530171\" data-element_type=\"container\">\n\t\t\t\t\t<div class=\"e-con-inner\">\n\t\t\t\t<div class=\"elementor-element elementor-element-3fa6936 elementor-widget elementor-widget-text-editor\" data-id=\"3fa6936\" data-element_type=\"widget\" data-widget_type=\"text-editor.default\">\n\t\t\t\t\t\t\t\t\t<p data-start=\"169\" data-end=\"486\">En <strong data-start=\"172\" data-end=\"193\">SeguriTec Levante<\/strong> ofrecemos soluciones profesionales para proteger tu hogar, comunidad o negocio. Instalamos <strong data-start=\"285\" data-end=\"302\">videoporteros<\/strong>, <strong data-start=\"304\" data-end=\"335\">sistemas de videovigilancia<\/strong>, <strong data-start=\"337\" data-end=\"359\">alarmas antiokupas<\/strong>, <strong data-start=\"361\" data-end=\"388\">cerraduras inteligentes<\/strong>, <strong data-start=\"390\" data-end=\"412\">control de accesos<\/strong>, <strong data-start=\"414\" data-end=\"435\">iluminaci\u00f3n solar<\/strong> y <strong data-start=\"438\" data-end=\"449\">antenas<\/strong> con tecnolog\u00eda de \u00faltima generaci\u00f3n.<\/p><p data-start=\"488\" data-end=\"637\">Trabajamos con materiales de alta calidad y realizamos instalaciones r\u00e1pidas, limpias y totalmente garantizadas.<br data-start=\"600\" data-end=\"603\" \/>Tu seguridad es nuestra prioridad.<\/p><p data-start=\"639\" data-end=\"699\"><strong data-start=\"639\" data-end=\"699\">Protege lo que m\u00e1s te importa con expertos de confianza.<\/strong><\/p>\t\t\t\t\t\t\t\t<\/div>\n\t\t\t\t\t<\/div>\n\t\t\t\t<\/div>\n\t\t<div class=\"elementor-element elementor-element-d414bf6 e-flex e-con-boxed e-con e-parent\" data-id=\"d414bf6\" data-element_type=\"container\">\n\t\t\t\t\t<div class=\"e-con-inner\">\n\t\t<div class=\"elementor-element elementor-element-eb0c0fd e-con-full e-flex e-con e-child\" data-id=\"eb0c0fd\" data-element_type=\"container\">\n\t\t<div class=\"elementor-element elementor-element-dbc2e92 e-con-full e-flex e-con e-child\" data-id=\"dbc2e92\" data-element_type=\"container\">\n\t\t\t\t<div class=\"elementor-element elementor-element-91d40a1 elementor-widget elementor-widget-heading\" data-id=\"91d40a1\" data-element_type=\"widget\" data-widget_type=\"heading.default\">\n\t\t\t\t\t<h3 class=\"elementor-heading-title elementor-size-default\"><a href=\"https:\/\/seguriteclevante.es\/index.php\/videoporteros\/\"><br><br><br><br><br><br><br><br><br><br><br><br><br><br><br><br><br><br><br><br><br><br><br><br><br><br><br><br><br><br><br><br><br><br><br><br><br><br><br><br><br><br><br><br><br><br><br><br><br><br><br><br><br><br><br><br><br><br><br><br><br><br><br><br><br><br><br><br><br><br><br><br><br><br><br><br><br><br><br><br><br><br><br><br><br><br><br><br><br><br><br><br><br><br><br>Videoporteros<\/a><\/h3>\t\t\t\t<\/div>\n\t\t\t\t<\/div>\n\t\t\t\t<\/div>\n\t\t<div class=\"elementor-element elementor-element-499864e e-con-full e-flex e-con e-child\" data-id=\"499864e\" data-element_type=\"container\">\n\t\t<div class=\"elementor-element elementor-element-869b06a e-con-full e-flex e-con e-child\" data-id=\"869b06a\" data-element_type=\"container\">\n\t\t\t\t<div class=\"elementor-element elementor-element-1f38e39 elementor-widget elementor-widget-heading\" data-id=\"1f38e39\" data-element_type=\"widget\" data-widget_type=\"heading.default\">\n\t\t\t\t\t<h3 class=\"elementor-heading-title elementor-size-default\"><a href=\"https:\/\/seguriteclevante.es\/index.php\/sistemas-de-vigilancia\/\"><br><br><br><br><br><br><br><br><br><br><br><br><br><br><br><br><br><br><br><br><br><br><br><br><br><br><br><br><br><br><br><br><br><br><br><br><br><br><br><br><br><br><br><br><br><br><br><br><br><br><br><br><br><br><br><br><br><br><br><br><br><br><br><br><br><br><br><br><br><br><br><br><br><br><br><br><br><br><br><br><br><br><br><br><br><br><br><br><br><br><br><br><br><br><br>Sistemas de Videovigilancia<\/a><\/h3>\t\t\t\t<\/div>\n\t\t\t\t<\/div>\n\t\t\t\t<\/div>\n\t\t<div class=\"elementor-element elementor-element-3808413 e-con-full e-flex e-con e-child\" data-id=\"3808413\" data-element_type=\"container\">\n\t\t<div class=\"elementor-element elementor-element-533f541 e-con-full e-flex e-con e-child\" data-id=\"533f541\" data-element_type=\"container\">\n\t\t\t\t<div class=\"elementor-element elementor-element-0f33c43 elementor-widget elementor-widget-heading\" data-id=\"0f33c43\" data-element_type=\"widget\" data-widget_type=\"heading.default\">\n\t\t\t\t\t<h3 class=\"elementor-heading-title elementor-size-default\"><a href=\"https:\/\/seguriteclevante.es\/index.php\/alarmas\/\"><br><br><br><br><br><br><br><br><br><br><br><br><br><br><br><br><br><br><br><br><br><br><br><br><br><br><br><br><br><br><br><br><br><br><br><br><br><br><br><br><br><br><br><br><br><br><br><br><br><br><br><br><br><br><br><br><br><br><br><br><br><br><br><br><br><br><br><br><br><br><br><br><br><br><br><br><br><br><br><br><br><br><br><br><br><br><br><br><br><br><br><br><br><br><br>Alarmas<\/a><\/h3>\t\t\t\t<\/div>\n\t\t\t\t<\/div>\n\t\t\t\t<\/div>\n\t\t<div class=\"elementor-element elementor-element-71e8e20 e-con-full e-flex e-con e-child\" data-id=\"71e8e20\" data-element_type=\"container\">\n\t\t<div class=\"elementor-element elementor-element-c0dbe54 e-con-full e-flex e-con e-child\" data-id=\"c0dbe54\" data-element_type=\"container\">\n\t\t\t\t<div class=\"elementor-element elementor-element-9693e47 elementor-widget elementor-widget-heading\" data-id=\"9693e47\" data-element_type=\"widget\" data-widget_type=\"heading.default\">\n\t\t\t\t\t<h3 class=\"elementor-heading-title elementor-size-default\"><a href=\"https:\/\/seguriteclevante.es\/index.php\/cerraduras-inteligentes\/\"><br><br><br><br><br><br><br><br><br><br><br><br><br><br><br><br><br><br><br><br><br><br><br><br><br><br><br><br><br><br><br><br><br><br><br><br><br><br><br><br><br><br><br><br><br><br><br><br><br><br><br><br><br><br><br><br><br><br><br><br><br><br><br><br><br><br><br><br><br><br><br><br><br><br><br><br><br><br><br><br><br><br><br><br><br><br><br><br><br><br><br><br><br><br><br>Cerraduras Inteligentes<\/a><\/h3>\t\t\t\t<\/div>\n\t\t\t\t<\/div>\n\t\t\t\t<\/div>\n\t\t<div class=\"elementor-element elementor-element-991529a e-con-full e-flex e-con e-child\" data-id=\"991529a\" data-element_type=\"container\">\n\t\t<div class=\"elementor-element elementor-element-dd00f3a e-con-full e-flex e-con e-child\" data-id=\"dd00f3a\" data-element_type=\"container\">\n\t\t\t\t<div class=\"elementor-element elementor-element-0ccac29 elementor-widget elementor-widget-heading\" data-id=\"0ccac29\" data-element_type=\"widget\" data-widget_type=\"heading.default\">\n\t\t\t\t\t<h3 class=\"elementor-heading-title elementor-size-default\"><a href=\"https:\/\/seguriteclevante.es\/index.php\/iluminacion-solar\/\"><br><br><br><br><br><br><br><br><br><br><br><br><br><br><br><br><br><br><br><br><br><br><br><br><br><br><br><br><br><br><br><br><br><br><br><br><br><br><br><br><br><br><br><br><br><br><br><br><br><br><br><br><br><br><br><br><br><br><br><br><br><br><br><br><br><br><br><br><br><br><br><br><br><br><br><br><br><br><br><br><br><br><br><br><br><br><br><br><br><br><br><br><br><br><br>Iluminaci\u00f3n Solar<\/a><\/h3>\t\t\t\t<\/div>\n\t\t\t\t<\/div>\n\t\t\t\t<\/div>\n\t\t<div class=\"elementor-element elementor-element-0d4e75c e-con-full e-flex e-con e-child\" data-id=\"0d4e75c\" data-element_type=\"container\">\n\t\t<div class=\"elementor-element elementor-element-78a8515 e-con-full e-flex e-con e-child\" data-id=\"78a8515\" data-element_type=\"container\">\n\t\t\t\t<div class=\"elementor-element elementor-element-20a0790 elementor-widget elementor-widget-heading\" data-id=\"20a0790\" data-element_type=\"widget\" data-widget_type=\"heading.default\">\n\t\t\t\t\t<h3 class=\"elementor-heading-title elementor-size-default\"><a href=\"https:\/\/seguriteclevante.es\/index.php\/antenas-y-parabolicas\/\"><br><br><br><br><br><br><br><br><br><br><br><br><br><br><br><br><br><br><br><br><br><br><br><br><br><br><br><br><br><br><br><br><br><br><br><br><br><br><br><br><br><br><br><br><br><br><br><br><br><br><br><br><br><br><br><br><br><br><br><br><br><br><br><br><br><br><br><br><br><br><br><br><br><br><br><br><br><br><br><br><br><br><br><br><br><br><br><br><br><br><br><br><br><br><br>Antenas y Parab\u00f3licas <\/a><\/h3>\t\t\t\t<\/div>\n\t\t\t\t<\/div>\n\t\t\t\t<\/div>\n\t\t\t\t\t<\/div>\n\t\t\t\t<\/div>\n\t\t<div class=\"elementor-element elementor-element-eb70338 e-flex e-con-boxed e-con e-parent\" data-id=\"eb70338\" data-element_type=\"container\">\n\t\t\t\t\t<div class=\"e-con-inner\">\n\t\t\t\t<div class=\"elementor-element elementor-element-be105cd elementor-widget-divider--view-line elementor-widget elementor-widget-divider\" data-id=\"be105cd\" data-element_type=\"widget\" data-widget_type=\"divider.default\">\n\t\t\t\t\t\t\t<div class=\"elementor-divider\">\n\t\t\t<span class=\"elementor-divider-separator\">\n\t\t\t\t\t\t<\/span>\n\t\t<\/div>\n\t\t\t\t\t\t<\/div>\n\t\t\t\t\t<\/div>\n\t\t\t\t<\/div>\n\t\t<div class=\"elementor-element elementor-element-770d423 e-flex e-con-boxed e-con e-parent\" data-id=\"770d423\" data-element_type=\"container\">\n\t\t\t\t\t<div class=\"e-con-inner\">\n\t\t\t\t<div class=\"elementor-element elementor-element-266cbc6 elementor-widget elementor-widget-image\" data-id=\"266cbc6\" data-element_type=\"widget\" data-widget_type=\"image.default\">\n\t\t\t\t\t\t\t\t\t\t\t\t\t\t\t<img fetchpriority=\"high\" decoding=\"async\" width=\"1024\" height=\"683\" src=\"https:\/\/seguriteclevante.es\/wp-content\/uploads\/2025\/12\/FC496A7F-E414-4915-BE97-21CD6EFF1815-1024x683.png\" class=\"attachment-large size-large wp-image-609\" alt=\"\" srcset=\"https:\/\/seguriteclevante.es\/wp-content\/uploads\/2025\/12\/FC496A7F-E414-4915-BE97-21CD6EFF1815-1024x683.png 1024w, https:\/\/seguriteclevante.es\/wp-content\/uploads\/2025\/12\/FC496A7F-E414-4915-BE97-21CD6EFF1815-300x200.png 300w, https:\/\/seguriteclevante.es\/wp-content\/uploads\/2025\/12\/FC496A7F-E414-4915-BE97-21CD6EFF1815-768x512.png 768w, https:\/\/seguriteclevante.es\/wp-content\/uploads\/2025\/12\/FC496A7F-E414-4915-BE97-21CD6EFF1815.png 1536w\" sizes=\"(max-width: 1024px) 100vw, 1024px\" \/>\t\t\t\t\t\t\t\t\t\t\t\t\t\t\t<\/div>\n\t\t\t\t\t<\/div>\n\t\t\t\t<\/div>\n\t\t<div class=\"elementor-element elementor-element-b425334 e-flex e-con-boxed e-con e-parent\" data-id=\"b425334\" data-element_type=\"container\">\n\t\t\t\t\t<div class=\"e-con-inner\">\n\t\t\t\t<div class=\"elementor-element elementor-element-fca830a elementor-widget elementor-widget-shortcode\" data-id=\"fca830a\" data-element_type=\"widget\" data-widget_type=\"shortcode.default\">\n\t\t\t\t\t\t\t<div class=\"elementor-shortcode\">\n<div class=\"wpcf7 no-js\" id=\"wpcf7-f55-o1\" lang=\"es-ES\" dir=\"ltr\" data-wpcf7-id=\"55\">\n<div class=\"screen-reader-response\"><p role=\"status\" aria-live=\"polite\" aria-atomic=\"true\"><\/p> <ul><\/ul><\/div>\n<form action=\"\/index.php\/wp-json\/wp\/v2\/pages\/23#wpcf7-f55-o1\" method=\"post\" class=\"wpcf7-form init\" aria-label=\"Formulario de contacto\" novalidate=\"novalidate\" data-status=\"init\">\n<fieldset class=\"hidden-fields-container\"><input type=\"hidden\" name=\"_wpcf7\" value=\"55\" \/><input type=\"hidden\" name=\"_wpcf7_version\" value=\"6.1.3\" \/><input type=\"hidden\" name=\"_wpcf7_locale\" value=\"es_ES\" \/><input type=\"hidden\" name=\"_wpcf7_unit_tag\" value=\"wpcf7-f55-o1\" \/><input type=\"hidden\" name=\"_wpcf7_container_post\" value=\"0\" \/><input type=\"hidden\" name=\"_wpcf7_posted_data_hash\" value=\"\" \/>\n<\/fieldset>\n<p><label> Nombre<br \/>\n<span class=\"wpcf7-form-control-wrap\" data-name=\"your-name\"><input size=\"40\" maxlength=\"400\" class=\"wpcf7-form-control wpcf7-text wpcf7-validates-as-required\" aria-required=\"true\" aria-invalid=\"false\" value=\"\" type=\"text\" name=\"your-name\" \/><\/span> <\/label>\n<\/p>\n<p><label> Tel\u00e9fono<br \/>\n<span class=\"wpcf7-form-control-wrap\" data-name=\"your-phone\"><input size=\"40\" maxlength=\"400\" class=\"wpcf7-form-control wpcf7-tel wpcf7-validates-as-required wpcf7-text wpcf7-validates-as-tel\" aria-required=\"true\" aria-invalid=\"false\" value=\"\" type=\"tel\" name=\"your-phone\" \/><\/span> <\/label>\n<\/p>\n<p><label> Correo electr\u00f3nico<br \/>\n<span class=\"wpcf7-form-control-wrap\" data-name=\"your-email\"><input size=\"40\" maxlength=\"400\" class=\"wpcf7-form-control wpcf7-email wpcf7-validates-as-required wpcf7-text wpcf7-validates-as-email\" aria-required=\"true\" aria-invalid=\"false\" value=\"\" type=\"email\" name=\"your-email\" \/><\/span> <\/label>\n<\/p>\n<p><label> Mensaje<br \/>\n<span class=\"wpcf7-form-control-wrap\" data-name=\"your-message\"><textarea cols=\"40\" rows=\"10\" maxlength=\"2000\" class=\"wpcf7-form-control wpcf7-textarea\" aria-invalid=\"false\" name=\"your-message\"><\/textarea><\/span> <\/label>\n<\/p>\n<p><span class=\"wpcf7-form-control-wrap\" data-name=\"privacidad\"><span class=\"wpcf7-form-control wpcf7-acceptance\"><span class=\"wpcf7-list-item\"><label><input type=\"checkbox\" name=\"privacidad\" value=\"1\" aria-invalid=\"false\" \/><span class=\"wpcf7-list-item-label\">He le\u00eddo y acepto la <a href=\"\/politica-de-privacidad\" target=\"_blank\">pol\u00edtica de privacidad<\/a>.<\/span><\/label><\/span><\/span><\/span>\n<\/p>\n<p><input class=\"wpcf7-form-control wpcf7-submit has-spinner\" type=\"submit\" value=\"Enviar mensaje\" \/>\n<\/p><div class=\"wpcf7-response-output\" aria-hidden=\"true\"><\/div>\n<\/form>\n<\/div>\n<\/div>\n\t\t\t\t\t\t<\/div>\n\t\t\t\t\t<\/div>\n\t\t\t\t<\/div>\n\t\t<div class=\"elementor-element elementor-element-db806c0 e-flex e-con-boxed e-con e-parent\" data-id=\"db806c0\" data-element_type=\"container\">\n\t\t\t\t\t<div class=\"e-con-inner\">\n\t\t\t\t<div class=\"elementor-element elementor-element-4a5fe07 elementor-widget elementor-widget-image\" data-id=\"4a5fe07\" data-element_type=\"widget\" data-widget_type=\"image.default\">\n\t\t\t\t\t\t\t\t\t\t\t\t\t\t\t<img decoding=\"async\" width=\"570\" height=\"200\" src=\"https:\/\/seguriteclevante.es\/wp-content\/uploads\/2025\/11\/cropped-IMG_2274-129x45.jpg\" class=\"attachment-large size-large wp-image-40\" alt=\"\" srcset=\"https:\/\/seguriteclevante.es\/wp-content\/uploads\/2025\/11\/cropped-IMG_2274.jpg 570w, https:\/\/seguriteclevante.es\/wp-content\/uploads\/2025\/11\/cropped-IMG_2274-300x105.jpg 300w, https:\/\/seguriteclevante.es\/wp-content\/uploads\/2025\/11\/cropped-IMG_2274-129x45.jpg 129w\" sizes=\"(max-width: 570px) 100vw, 570px\" \/>\t\t\t\t\t\t\t\t\t\t\t\t\t\t\t<\/div>\n\t\t\t\t\t<\/div>\n\t\t\t\t<\/div>\n\t\t<div class=\"elementor-element elementor-element-65d38e4 e-flex e-con-boxed e-con e-parent\" data-id=\"65d38e4\" data-element_type=\"container\">\n\t\t\t\t\t<div class=\"e-con-inner\">\n\t\t\t\t<div class=\"elementor-element elementor-element-084993c elementor-widget elementor-widget-html\" data-id=\"084993c\" data-element_type=\"widget\" data-widget_type=\"html.default\">\n\t\t\t\t\t<p style=\"text-align:center; font-size:14px; margin:10px 0;\">\r\n\ud83d\udcde <a href=\"tel:+34614316010\" style=\"text-decoration:none; color:inherit;\">614 316 010<\/a>\r\n&nbsp;|&nbsp;\r\n\ud83d\udce7 <a href=\"mailto:info@seguriteclevante.es\" style=\"text-decoration:none; color:inherit;\">info@seguriteclevante.es<\/a>\r\n&nbsp;|&nbsp;\r\n\ud83d\udd52 Lunes a Viernes: 8:00 \u2013 20:00\r\n<\/p>\t\t\t\t<\/div>\n\t\t\t\t\t<\/div>\n\t\t\t\t<\/div>\n\t\t\t\t<\/div>\n\t\t","protected":false},"excerpt":{"rendered":"<p>\ud83d\udee0\ufe0f Servicios de Seguridad en Castell\u00f3n y Valencia En SeguriTec Levante ofrecemos soluciones profesionales para proteger tu hogar, comunidad o [&hellip;]<\/p>\n","protected":false},"author":1,"featured_media":0,"parent":0,"menu_order":0,"comment_status":"closed","ping_status":"closed","template":"","meta":{"site-sidebar-layout":"no-sidebar","site-content-layout":"","ast-site-content-layout":"full-width-container","site-content-style":"default","site-sidebar-style":"default","ast-global-header-display":"","ast-banner-title-visibility":"","ast-main-header-display":"","ast-hfb-above-header-display":"","ast-hfb-below-header-display":"","ast-hfb-mobile-header-display":"","site-post-title":"disabled","ast-breadcrumbs-content":"","ast-featured-img":"disabled","footer-sml-layout":"","theme-transparent-header-meta":"","adv-header-id-meta":"","stick-header-meta":"","header-above-stick-meta":"","header-main-stick-meta":"","header-below-stick-meta":"","astra-migrate-meta-layouts":"default","ast-page-background-enabled":"default","ast-page-background-meta":{"desktop":{"background-color":"var(--ast-global-color-5)","background-image":"","background-repeat":"repeat","background-position":"center center","background-size":"auto","background-attachment":"scroll","background-type":"","background-media":"","overlay-type":"","overlay-color":"","overlay-opacity":"","overlay-gradient":""},"tablet":{"background-color":"","background-image":"","background-repeat":"repeat","background-position":"center center","background-size":"auto","background-attachment":"scroll","background-type":"","background-media":"","overlay-type":"","overlay-color":"","overlay-opacity":"","overlay-gradient":""},"mobile":{"background-color":"","background-image":"","background-repeat":"repeat","background-position":"center center","background-size":"auto","background-attachment":"scroll","background-type":"","background-media":"","overlay-type":"","overlay-color":"","overlay-opacity":"","overlay-gradient":""}},"ast-content-background-meta":{"desktop":{"background-color":"var(--ast-global-color-4)","background-image":"","background-repeat":"repeat","background-position":"center center","background-size":"auto","background-attachment":"scroll","background-type":"","background-media":"","overlay-type":"","overlay-color":"","overlay-opacity":"","overlay-gradient":""},"tablet":{"background-color":"var(--ast-global-color-4)","background-image":"","background-repeat":"repeat","background-position":"center center","background-size":"auto","background-attachment":"scroll","background-type":"","background-media":"","overlay-type":"","overlay-color":"","overlay-opacity":"","overlay-gradient":""},"mobile":{"background-color":"var(--ast-global-color-4)","background-image":"","background-repeat":"repeat","background-position":"center center","background-size":"auto","background-attachment":"scroll","background-type":"","background-media":"","overlay-type":"","overlay-color":"","overlay-opacity":"","overlay-gradient":""}},"footnotes":""},"class_list":["post-23","page","type-page","status-publish","hentry"],"_links":{"self":[{"href":"https:\/\/seguriteclevante.es\/index.php\/wp-json\/wp\/v2\/pages\/23","targetHints":{"allow":["GET"]}}],"collection":[{"href":"https:\/\/seguriteclevante.es\/index.php\/wp-json\/wp\/v2\/pages"}],"about":[{"href":"https:\/\/seguriteclevante.es\/index.php\/wp-json\/wp\/v2\/types\/page"}],"author":[{"embeddable":true,"href":"https:\/\/seguriteclevante.es\/index.php\/wp-json\/wp\/v2\/users\/1"}],"replies":[{"embeddable":true,"href":"https:\/\/seguriteclevante.es\/index.php\/wp-json\/wp\/v2\/comments?post=23"}],"version-history":[{"count":35,"href":"https:\/\/seguriteclevante.es\/index.php\/wp-json\/wp\/v2\/pages\/23\/revisions"}],"predecessor-version":[{"id":777,"href":"https:\/\/seguriteclevante.es\/index.php\/wp-json\/wp\/v2\/pages\/23\/revisions\/777"}],"wp:attachment":[{"href":"https:\/\/seguriteclevante.es\/index.php\/wp-json\/wp\/v2\/media?parent=23"}],"curies":[{"name":"wp","href":"https:\/\/api.w.org\/{rel}","templated":true}]}}