{"id":24,"date":"2025-11-29T07:55:46","date_gmt":"2025-11-29T07:55:46","guid":{"rendered":"https:\/\/seguriteclevante.es\/index.php\/sobre-nosotros\/"},"modified":"2025-12-06T16:59:52","modified_gmt":"2025-12-06T16:59:52","slug":"sobre-nosotros","status":"publish","type":"page","link":"https:\/\/seguriteclevante.es\/index.php\/sobre-nosotros\/","title":{"rendered":"Sobre Nosotros"},"content":{"rendered":"\t\t<div data-elementor-type=\"wp-page\" data-elementor-id=\"24\" class=\"elementor elementor-24\">\n\t\t\t\t<div class=\"elementor-element elementor-element-888d80c e-flex e-con-boxed e-con e-parent\" data-id=\"888d80c\" data-element_type=\"container\">\n\t\t\t\t\t<div class=\"e-con-inner\">\n\t\t\t\t<div class=\"elementor-element elementor-element-71529cd elementor-widget elementor-widget-heading\" data-id=\"71529cd\" data-element_type=\"widget\" data-widget_type=\"heading.default\">\n\t\t\t\t\t<h1 class=\"elementor-heading-title elementor-size-default\">\u2b50 Sobre Nosotros \u2013 SeguriTec Levante\n<\/h1>\t\t\t\t<\/div>\n\t\t\t\t\t<\/div>\n\t\t\t\t<\/div>\n\t\t<div class=\"elementor-element elementor-element-b0501d0 e-flex e-con-boxed e-con e-parent\" data-id=\"b0501d0\" data-element_type=\"container\">\n\t\t\t\t\t<div class=\"e-con-inner\">\n\t\t\t\t<div class=\"elementor-element elementor-element-afcaf3d elementor-widget elementor-widget-text-editor\" data-id=\"afcaf3d\" data-element_type=\"widget\" data-widget_type=\"text-editor.default\">\n\t\t\t\t\t\t\t\t\t<p data-start=\"215\" data-end=\"553\">En <strong data-start=\"218\" data-end=\"239\">SeguriTec Levante<\/strong> somos especialistas en soluciones de seguridad para hogares, negocios y comunidades en <strong data-start=\"327\" data-end=\"351\">Castell\u00f3n y Valencia<\/strong>. Nuestro compromiso es ofrecer instalaciones profesionales de <strong data-start=\"414\" data-end=\"552\">videoporteros, alarmas, sistemas antiokupas, videovigilancia, cerraduras inteligentes, control de accesos, iluminaci\u00f3n solar y antenas<\/strong>.<\/p><p data-start=\"555\" data-end=\"824\">Trabajamos con tecnolog\u00eda de \u00faltima generaci\u00f3n y un equipo t\u00e9cnico certificado para garantizar instalaciones seguras, r\u00e1pidas y fiables.<br data-start=\"691\" data-end=\"694\" \/>Creemos en un servicio cercano, transparente y adaptado a cada cliente, ofreciendo asesoramiento personalizado y soporte continuo.<\/p><p data-start=\"826\" data-end=\"919\">En SeguriTec Levante tu seguridad es nuestra prioridad. <strong data-start=\"882\" data-end=\"919\">Protegemos lo que m\u00e1s te importa.<\/strong><\/p>\t\t\t\t\t\t\t\t<\/div>\n\t\t\t\t\t<\/div>\n\t\t\t\t<\/div>\n\t\t<div class=\"elementor-element elementor-element-4c494d3 e-flex e-con-boxed e-con e-parent\" data-id=\"4c494d3\" data-element_type=\"container\">\n\t\t\t\t\t<div class=\"e-con-inner\">\n\t\t\t\t<div class=\"elementor-element elementor-element-bd9f01d elementor-widget-divider--view-line elementor-widget elementor-widget-divider\" data-id=\"bd9f01d\" data-element_type=\"widget\" data-widget_type=\"divider.default\">\n\t\t\t\t\t\t\t<div class=\"elementor-divider\">\n\t\t\t<span class=\"elementor-divider-separator\">\n\t\t\t\t\t\t<\/span>\n\t\t<\/div>\n\t\t\t\t\t\t<\/div>\n\t\t\t\t\t<\/div>\n\t\t\t\t<\/div>\n\t\t<div class=\"elementor-element elementor-element-e2bd1fe e-flex e-con-boxed e-con e-parent\" data-id=\"e2bd1fe\" data-element_type=\"container\">\n\t\t\t\t\t<div class=\"e-con-inner\">\n\t\t\t\t<div class=\"elementor-element elementor-element-9f9521a elementor-widget elementor-widget-image\" data-id=\"9f9521a\" data-element_type=\"widget\" data-widget_type=\"image.default\">\n\t\t\t\t\t\t\t\t\t\t\t\t\t\t\t<img fetchpriority=\"high\" decoding=\"async\" width=\"1024\" height=\"683\" src=\"http:\/\/seguriteclevante.es\/wp-content\/uploads\/2025\/12\/8bc465bd-4e15-4e1a-b819-84cc4f45fed6-1024x683.png\" class=\"attachment-large size-large wp-image-422\" alt=\"\" srcset=\"http:\/\/seguriteclevante.es\/wp-content\/uploads\/2025\/12\/8bc465bd-4e15-4e1a-b819-84cc4f45fed6-1024x683.png 1024w, http:\/\/seguriteclevante.es\/wp-content\/uploads\/2025\/12\/8bc465bd-4e15-4e1a-b819-84cc4f45fed6-300x200.png 300w, http:\/\/seguriteclevante.es\/wp-content\/uploads\/2025\/12\/8bc465bd-4e15-4e1a-b819-84cc4f45fed6-768x512.png 768w, http:\/\/seguriteclevante.es\/wp-content\/uploads\/2025\/12\/8bc465bd-4e15-4e1a-b819-84cc4f45fed6.png 1536w\" sizes=\"(max-width: 1024px) 100vw, 1024px\" \/>\t\t\t\t\t\t\t\t\t\t\t\t\t\t\t<\/div>\n\t\t\t\t\t<\/div>\n\t\t\t\t<\/div>\n\t\t<div class=\"elementor-element elementor-element-806fa3d e-flex e-con-boxed e-con e-parent\" data-id=\"806fa3d\" data-element_type=\"container\">\n\t\t\t\t\t<div class=\"e-con-inner\">\n\t\t\t\t<div class=\"elementor-element elementor-element-eb52c5d elementor-align-center elementor-widget elementor-widget-button\" data-id=\"eb52c5d\" data-element_type=\"widget\" data-widget_type=\"button.default\">\n\t\t\t\t\t\t\t\t\t\t<a class=\"elementor-button elementor-button-link elementor-size-sm\" href=\"tel:+34614316010\">\n\t\t\t\t\t\t<span class=\"elementor-button-content-wrapper\">\n\t\t\t\t\t\t\t\t\t<span class=\"elementor-button-text\">Ll\u00e1manos<\/span>\n\t\t\t\t\t<\/span>\n\t\t\t\t\t<\/a>\n\t\t\t\t\t\t\t\t<\/div>\n\t\t\t\t\t<\/div>\n\t\t\t\t<\/div>\n\t\t<div class=\"elementor-element elementor-element-f12e1e4 e-flex e-con-boxed e-con e-parent\" data-id=\"f12e1e4\" data-element_type=\"container\">\n\t\t\t\t\t<div class=\"e-con-inner\">\n\t\t\t\t<div class=\"elementor-element elementor-element-8e6ea63 elementor-widget-divider--view-line elementor-widget elementor-widget-divider\" data-id=\"8e6ea63\" data-element_type=\"widget\" data-widget_type=\"divider.default\">\n\t\t\t\t\t\t\t<div class=\"elementor-divider\">\n\t\t\t<span class=\"elementor-divider-separator\">\n\t\t\t\t\t\t<\/span>\n\t\t<\/div>\n\t\t\t\t\t\t<\/div>\n\t\t\t\t\t<\/div>\n\t\t\t\t<\/div>\n\t\t<div class=\"elementor-element elementor-element-78e46cf e-flex e-con-boxed e-con e-parent\" data-id=\"78e46cf\" data-element_type=\"container\">\n\t\t\t\t\t<div class=\"e-con-inner\">\n\t\t\t\t<div class=\"elementor-element elementor-element-964f17c elementor-widget elementor-widget-image\" data-id=\"964f17c\" data-element_type=\"widget\" data-widget_type=\"image.default\">\n\t\t\t\t\t\t\t\t\t\t\t\t\t\t\t<img decoding=\"async\" width=\"1024\" height=\"683\" src=\"http:\/\/seguriteclevante.es\/wp-content\/uploads\/2025\/12\/FC496A7F-E414-4915-BE97-21CD6EFF1815-1024x683.png\" class=\"attachment-large size-large wp-image-609\" alt=\"\" srcset=\"http:\/\/seguriteclevante.es\/wp-content\/uploads\/2025\/12\/FC496A7F-E414-4915-BE97-21CD6EFF1815-1024x683.png 1024w, http:\/\/seguriteclevante.es\/wp-content\/uploads\/2025\/12\/FC496A7F-E414-4915-BE97-21CD6EFF1815-300x200.png 300w, http:\/\/seguriteclevante.es\/wp-content\/uploads\/2025\/12\/FC496A7F-E414-4915-BE97-21CD6EFF1815-768x512.png 768w, http:\/\/seguriteclevante.es\/wp-content\/uploads\/2025\/12\/FC496A7F-E414-4915-BE97-21CD6EFF1815.png 1536w\" sizes=\"(max-width: 1024px) 100vw, 1024px\" \/>\t\t\t\t\t\t\t\t\t\t\t\t\t\t\t<\/div>\n\t\t\t\t\t<\/div>\n\t\t\t\t<\/div>\n\t\t<div class=\"elementor-element elementor-element-89c93d2 e-flex e-con-boxed e-con e-parent\" data-id=\"89c93d2\" data-element_type=\"container\">\n\t\t\t\t\t<div class=\"e-con-inner\">\n\t\t\t\t<div class=\"elementor-element elementor-element-ed3e16a elementor-widget elementor-widget-shortcode\" data-id=\"ed3e16a\" data-element_type=\"widget\" data-widget_type=\"shortcode.default\">\n\t\t\t\t\t\t\t<div class=\"elementor-shortcode\">\n<div class=\"wpcf7 no-js\" id=\"wpcf7-f55-o1\" lang=\"es-ES\" dir=\"ltr\" data-wpcf7-id=\"55\">\n<div class=\"screen-reader-response\"><p role=\"status\" aria-live=\"polite\" aria-atomic=\"true\"><\/p> <ul><\/ul><\/div>\n<form action=\"\/index.php\/wp-json\/wp\/v2\/pages\/24#wpcf7-f55-o1\" method=\"post\" class=\"wpcf7-form init\" aria-label=\"Formulario de contacto\" novalidate=\"novalidate\" data-status=\"init\">\n<fieldset class=\"hidden-fields-container\"><input type=\"hidden\" name=\"_wpcf7\" value=\"55\" \/><input type=\"hidden\" name=\"_wpcf7_version\" value=\"6.1.3\" \/><input type=\"hidden\" name=\"_wpcf7_locale\" value=\"es_ES\" \/><input type=\"hidden\" name=\"_wpcf7_unit_tag\" value=\"wpcf7-f55-o1\" \/><input type=\"hidden\" name=\"_wpcf7_container_post\" value=\"0\" \/><input type=\"hidden\" name=\"_wpcf7_posted_data_hash\" value=\"\" \/>\n<\/fieldset>\n<p><label> Nombre<br \/>\n<span class=\"wpcf7-form-control-wrap\" data-name=\"your-name\"><input size=\"40\" maxlength=\"400\" class=\"wpcf7-form-control wpcf7-text wpcf7-validates-as-required\" aria-required=\"true\" aria-invalid=\"false\" value=\"\" type=\"text\" name=\"your-name\" \/><\/span> <\/label>\n<\/p>\n<p><label> Tel\u00e9fono<br \/>\n<span class=\"wpcf7-form-control-wrap\" data-name=\"your-phone\"><input size=\"40\" maxlength=\"400\" class=\"wpcf7-form-control wpcf7-tel wpcf7-validates-as-required wpcf7-text wpcf7-validates-as-tel\" aria-required=\"true\" aria-invalid=\"false\" value=\"\" type=\"tel\" name=\"your-phone\" \/><\/span> <\/label>\n<\/p>\n<p><label> Correo electr\u00f3nico<br \/>\n<span class=\"wpcf7-form-control-wrap\" data-name=\"your-email\"><input size=\"40\" maxlength=\"400\" class=\"wpcf7-form-control wpcf7-email wpcf7-validates-as-required wpcf7-text wpcf7-validates-as-email\" aria-required=\"true\" aria-invalid=\"false\" value=\"\" type=\"email\" name=\"your-email\" \/><\/span> <\/label>\n<\/p>\n<p><label> Mensaje<br \/>\n<span class=\"wpcf7-form-control-wrap\" data-name=\"your-message\"><textarea cols=\"40\" rows=\"10\" maxlength=\"2000\" class=\"wpcf7-form-control wpcf7-textarea\" aria-invalid=\"false\" name=\"your-message\"><\/textarea><\/span> <\/label>\n<\/p>\n<p><span class=\"wpcf7-form-control-wrap\" data-name=\"privacidad\"><span class=\"wpcf7-form-control wpcf7-acceptance\"><span class=\"wpcf7-list-item\"><label><input type=\"checkbox\" name=\"privacidad\" value=\"1\" aria-invalid=\"false\" \/><span class=\"wpcf7-list-item-label\">He le\u00eddo y acepto la <a href=\"\/politica-de-privacidad\" target=\"_blank\">pol\u00edtica de privacidad<\/a>.<\/span><\/label><\/span><\/span><\/span>\n<\/p>\n<p><input class=\"wpcf7-form-control wpcf7-submit has-spinner\" type=\"submit\" value=\"Enviar mensaje\" \/>\n<\/p><div class=\"wpcf7-response-output\" aria-hidden=\"true\"><\/div>\n<\/form>\n<\/div>\n<\/div>\n\t\t\t\t\t\t<\/div>\n\t\t\t\t\t<\/div>\n\t\t\t\t<\/div>\n\t\t<div class=\"elementor-element elementor-element-0c0bfed e-flex e-con-boxed e-con e-parent\" data-id=\"0c0bfed\" data-element_type=\"container\">\n\t\t\t\t\t<div class=\"e-con-inner\">\n\t\t\t\t<div class=\"elementor-element elementor-element-07ad095 elementor-widget elementor-widget-image\" data-id=\"07ad095\" data-element_type=\"widget\" data-widget_type=\"image.default\">\n\t\t\t\t\t\t\t\t\t\t\t\t\t\t\t<img decoding=\"async\" width=\"570\" height=\"200\" src=\"http:\/\/seguriteclevante.es\/wp-content\/uploads\/2025\/11\/cropped-IMG_2274-129x45.jpg\" class=\"attachment-large size-large wp-image-40\" alt=\"\" srcset=\"http:\/\/seguriteclevante.es\/wp-content\/uploads\/2025\/11\/cropped-IMG_2274.jpg 570w, http:\/\/seguriteclevante.es\/wp-content\/uploads\/2025\/11\/cropped-IMG_2274-300x105.jpg 300w, http:\/\/seguriteclevante.es\/wp-content\/uploads\/2025\/11\/cropped-IMG_2274-129x45.jpg 129w\" sizes=\"(max-width: 570px) 100vw, 570px\" \/>\t\t\t\t\t\t\t\t\t\t\t\t\t\t\t<\/div>\n\t\t\t\t\t<\/div>\n\t\t\t\t<\/div>\n\t\t<div class=\"elementor-element elementor-element-185cbfa e-flex e-con-boxed e-con e-parent\" data-id=\"185cbfa\" data-element_type=\"container\">\n\t\t\t\t\t<div class=\"e-con-inner\">\n\t\t\t\t<div class=\"elementor-element elementor-element-5a0dc36 elementor-widget elementor-widget-text-editor\" data-id=\"5a0dc36\" data-element_type=\"widget\" data-widget_type=\"text-editor.default\">\n\t\t\t\t\t\t\t\t\t<p>Especialistas en seguridad, dom\u00f3tica y tecnolog\u00eda en Castell\u00f3n y Valencia.<\/p>\t\t\t\t\t\t\t\t<\/div>\n\t\t\t\t\t<\/div>\n\t\t\t\t<\/div>\n\t\t<div class=\"elementor-element elementor-element-7bc76f4 e-flex e-con-boxed e-con e-parent\" data-id=\"7bc76f4\" data-element_type=\"container\">\n\t\t\t\t\t<div class=\"e-con-inner\">\n\t\t\t\t<div class=\"elementor-element elementor-element-c00e579 elementor-widget elementor-widget-html\" data-id=\"c00e579\" data-element_type=\"widget\" data-widget_type=\"html.default\">\n\t\t\t\t\t<p style=\"text-align:center; font-size:14px; margin:10px 0;\">\r\n\ud83d\udcde <a href=\"tel:+34614316010\" style=\"text-decoration:none; color:inherit;\">614 316 010<\/a>\r\n&nbsp;|&nbsp;\r\n\ud83d\udce7 <a href=\"mailto:info@seguriteclevante.es\" style=\"text-decoration:none; color:inherit;\">info@seguriteclevante.es<\/a>\r\n&nbsp;|&nbsp;\r\n\ud83d\udd52 Lunes a Viernes: 8:00 \u2013 20:00\r\n<\/p>\t\t\t\t<\/div>\n\t\t\t\t\t<\/div>\n\t\t\t\t<\/div>\n\t\t\t\t<\/div>\n\t\t","protected":false},"excerpt":{"rendered":"<p>\u2b50 Sobre Nosotros \u2013 SeguriTec Levante En SeguriTec Levante somos especialistas en soluciones de seguridad para hogares, negocios y comunidades [&hellip;]<\/p>\n","protected":false},"author":1,"featured_media":0,"parent":0,"menu_order":0,"comment_status":"closed","ping_status":"closed","template":"","meta":{"site-sidebar-layout":"default","site-content-layout":"","ast-site-content-layout":"default","site-content-style":"default","site-sidebar-style":"default","ast-global-header-display":"","ast-banner-title-visibility":"","ast-main-header-display":"","ast-hfb-above-header-display":"","ast-hfb-below-header-display":"","ast-hfb-mobile-header-display":"","site-post-title":"disabled","ast-breadcrumbs-content":"","ast-featured-img":"","footer-sml-layout":"","theme-transparent-header-meta":"","adv-header-id-meta":"","stick-header-meta":"","header-above-stick-meta":"","header-main-stick-meta":"","header-below-stick-meta":"","astra-migrate-meta-layouts":"default","ast-page-background-enabled":"default","ast-page-background-meta":{"desktop":{"background-color":"var(--ast-global-color-5)","background-image":"","background-repeat":"repeat","background-position":"center center","background-size":"auto","background-attachment":"scroll","background-type":"","background-media":"","overlay-type":"","overlay-color":"","overlay-opacity":"","overlay-gradient":""},"tablet":{"background-color":"","background-image":"","background-repeat":"repeat","background-position":"center center","background-size":"auto","background-attachment":"scroll","background-type":"","background-media":"","overlay-type":"","overlay-color":"","overlay-opacity":"","overlay-gradient":""},"mobile":{"background-color":"","background-image":"","background-repeat":"repeat","background-position":"center center","background-size":"auto","background-attachment":"scroll","background-type":"","background-media":"","overlay-type":"","overlay-color":"","overlay-opacity":"","overlay-gradient":""}},"ast-content-background-meta":{"desktop":{"background-color":"var(--ast-global-color-4)","background-image":"","background-repeat":"repeat","background-position":"center center","background-size":"auto","background-attachment":"scroll","background-type":"","background-media":"","overlay-type":"","overlay-color":"","overlay-opacity":"","overlay-gradient":""},"tablet":{"background-color":"var(--ast-global-color-4)","background-image":"","background-repeat":"repeat","background-position":"center center","background-size":"auto","background-attachment":"scroll","background-type":"","background-media":"","overlay-type":"","overlay-color":"","overlay-opacity":"","overlay-gradient":""},"mobile":{"background-color":"var(--ast-global-color-4)","background-image":"","background-repeat":"repeat","background-position":"center center","background-size":"auto","background-attachment":"scroll","background-type":"","background-media":"","overlay-type":"","overlay-color":"","overlay-opacity":"","overlay-gradient":""}},"footnotes":""},"class_list":["post-24","page","type-page","status-publish","hentry"],"_links":{"self":[{"href":"https:\/\/seguriteclevante.es\/index.php\/wp-json\/wp\/v2\/pages\/24","targetHints":{"allow":["GET"]}}],"collection":[{"href":"https:\/\/seguriteclevante.es\/index.php\/wp-json\/wp\/v2\/pages"}],"about":[{"href":"https:\/\/seguriteclevante.es\/index.php\/wp-json\/wp\/v2\/types\/page"}],"author":[{"embeddable":true,"href":"https:\/\/seguriteclevante.es\/index.php\/wp-json\/wp\/v2\/users\/1"}],"replies":[{"embeddable":true,"href":"https:\/\/seguriteclevante.es\/index.php\/wp-json\/wp\/v2\/comments?post=24"}],"version-history":[{"count":16,"href":"https:\/\/seguriteclevante.es\/index.php\/wp-json\/wp\/v2\/pages\/24\/revisions"}],"predecessor-version":[{"id":788,"href":"https:\/\/seguriteclevante.es\/index.php\/wp-json\/wp\/v2\/pages\/24\/revisions\/788"}],"wp:attachment":[{"href":"https:\/\/seguriteclevante.es\/index.php\/wp-json\/wp\/v2\/media?parent=24"}],"curies":[{"name":"wp","href":"https:\/\/api.w.org\/{rel}","templated":true}]}}