{"id":305,"date":"2025-11-30T18:08:42","date_gmt":"2025-11-30T18:08:42","guid":{"rendered":"https:\/\/seguriteclevante.es\/?page_id=305"},"modified":"2025-12-06T16:47:35","modified_gmt":"2025-12-06T16:47:35","slug":"iluminacion-solar","status":"publish","type":"page","link":"https:\/\/seguriteclevante.es\/index.php\/iluminacion-solar\/","title":{"rendered":"Iluminaci\u00f3n Solar"},"content":{"rendered":"\t\t<div data-elementor-type=\"wp-page\" data-elementor-id=\"305\" class=\"elementor elementor-305\">\n\t\t\t\t<div class=\"elementor-element elementor-element-e9a1271 e-flex e-con-boxed e-con e-parent\" data-id=\"e9a1271\" data-element_type=\"container\">\n\t\t\t\t\t<div class=\"e-con-inner\">\n\t\t\t\t<div class=\"elementor-element elementor-element-6aa1429 elementor-widget elementor-widget-heading\" data-id=\"6aa1429\" data-element_type=\"widget\" data-widget_type=\"heading.default\">\n\t\t\t\t\t<h1 class=\"elementor-heading-title elementor-size-default\">Instalaci\u00f3n de farolas solares para viviendas, chalets y comunidades en Castell\u00f3n y Valencia<\/h1>\t\t\t\t<\/div>\n\t\t\t\t\t<\/div>\n\t\t\t\t<\/div>\n\t\t<div class=\"elementor-element elementor-element-7409459 e-flex e-con-boxed e-con e-parent\" data-id=\"7409459\" data-element_type=\"container\" data-settings=\"{&quot;background_background&quot;:&quot;classic&quot;}\">\n\t\t\t\t\t<div class=\"e-con-inner\">\n\t\t\t\t\t<\/div>\n\t\t\t\t<\/div>\n\t\t<div class=\"elementor-element elementor-element-3315768 e-flex e-con-boxed e-con e-parent\" data-id=\"3315768\" data-element_type=\"container\">\n\t\t\t\t\t<div class=\"e-con-inner\">\n\t\t\t\t<div class=\"elementor-element elementor-element-9f2f549 elementor-widget elementor-widget-text-editor\" data-id=\"9f2f549\" data-element_type=\"widget\" data-widget_type=\"text-editor.default\">\n\t\t\t\t\t\t\t\t\t<p data-start=\"544\" data-end=\"952\">En <strong data-start=\"547\" data-end=\"568\">SeguriTec Levante<\/strong> instalamos sistemas de <strong data-start=\"592\" data-end=\"622\">iluminaci\u00f3n solar exterior<\/strong> dise\u00f1ados para mejorar la seguridad y el confort en calles, jardines, urbanizaciones, chalets y comunidades de vecinos en <strong data-start=\"745\" data-end=\"769\">Castell\u00f3n y Valencia<\/strong>. Trabajamos con farolas solares LED de alta potencia, sensores de movimiento y bater\u00edas de larga duraci\u00f3n que proporcionan una iluminaci\u00f3n eficiente, econ\u00f3mica y totalmente aut\u00f3noma.<\/p><p data-start=\"954\" data-end=\"1271\">La iluminaci\u00f3n solar es una opci\u00f3n ideal para zonas donde no llega la corriente el\u00e9ctrica, para ahorrar en consumo y para aumentar la seguridad sin necesidad de obras ni cableado. Gracias a los paneles solares integrados y a las bater\u00edas de litio, las farolas funcionan toda la noche sin depender de la red el\u00e9ctrica.<\/p>\t\t\t\t\t\t\t\t<\/div>\n\t\t\t\t\t<\/div>\n\t\t\t\t<\/div>\n\t\t<div class=\"elementor-element elementor-element-985457c e-flex e-con-boxed e-con e-parent\" data-id=\"985457c\" data-element_type=\"container\">\n\t\t\t\t\t<div class=\"e-con-inner\">\n\t\t\t\t<div class=\"elementor-element elementor-element-293bb75 elementor-widget-divider--view-line elementor-widget elementor-widget-divider\" data-id=\"293bb75\" data-element_type=\"widget\" data-widget_type=\"divider.default\">\n\t\t\t\t\t\t\t<div class=\"elementor-divider\">\n\t\t\t<span class=\"elementor-divider-separator\">\n\t\t\t\t\t\t<\/span>\n\t\t<\/div>\n\t\t\t\t\t\t<\/div>\n\t\t\t\t\t<\/div>\n\t\t\t\t<\/div>\n\t\t<div class=\"elementor-element elementor-element-799d749 e-flex e-con-boxed e-con e-parent\" data-id=\"799d749\" data-element_type=\"container\">\n\t\t\t\t\t<div class=\"e-con-inner\">\n\t\t\t\t<div class=\"elementor-element elementor-element-fb1f9d5 elementor-widget elementor-widget-image\" data-id=\"fb1f9d5\" data-element_type=\"widget\" data-widget_type=\"image.default\">\n\t\t\t\t\t\t\t\t\t\t\t\t\t\t\t<img fetchpriority=\"high\" decoding=\"async\" width=\"1024\" height=\"683\" src=\"http:\/\/seguriteclevante.es\/wp-content\/uploads\/2025\/12\/8bc465bd-4e15-4e1a-b819-84cc4f45fed6-1024x683.png\" class=\"attachment-large size-large wp-image-422\" alt=\"\" srcset=\"http:\/\/seguriteclevante.es\/wp-content\/uploads\/2025\/12\/8bc465bd-4e15-4e1a-b819-84cc4f45fed6-1024x683.png 1024w, http:\/\/seguriteclevante.es\/wp-content\/uploads\/2025\/12\/8bc465bd-4e15-4e1a-b819-84cc4f45fed6-300x200.png 300w, http:\/\/seguriteclevante.es\/wp-content\/uploads\/2025\/12\/8bc465bd-4e15-4e1a-b819-84cc4f45fed6-768x512.png 768w, http:\/\/seguriteclevante.es\/wp-content\/uploads\/2025\/12\/8bc465bd-4e15-4e1a-b819-84cc4f45fed6.png 1536w\" sizes=\"(max-width: 1024px) 100vw, 1024px\" \/>\t\t\t\t\t\t\t\t\t\t\t\t\t\t\t<\/div>\n\t\t\t\t\t<\/div>\n\t\t\t\t<\/div>\n\t\t<div class=\"elementor-element elementor-element-2dafa5d e-flex e-con-boxed e-con e-parent\" data-id=\"2dafa5d\" data-element_type=\"container\">\n\t\t\t\t\t<div class=\"e-con-inner\">\n\t\t\t\t<div class=\"elementor-element elementor-element-d888cc3 elementor-align-center elementor-widget elementor-widget-button\" data-id=\"d888cc3\" data-element_type=\"widget\" data-widget_type=\"button.default\">\n\t\t\t\t\t\t\t\t\t\t<a class=\"elementor-button elementor-button-link elementor-size-sm\" href=\"tel:+34614316010\">\n\t\t\t\t\t\t<span class=\"elementor-button-content-wrapper\">\n\t\t\t\t\t\t\t\t\t<span class=\"elementor-button-text\">Ll\u00e1manos<\/span>\n\t\t\t\t\t<\/span>\n\t\t\t\t\t<\/a>\n\t\t\t\t\t\t\t\t<\/div>\n\t\t\t\t\t<\/div>\n\t\t\t\t<\/div>\n\t\t<div class=\"elementor-element elementor-element-a59b945 e-flex e-con-boxed e-con e-parent\" data-id=\"a59b945\" data-element_type=\"container\">\n\t\t\t\t\t<div class=\"e-con-inner\">\n\t\t\t\t<div class=\"elementor-element elementor-element-738fa58 elementor-widget-divider--view-line elementor-widget elementor-widget-divider\" data-id=\"738fa58\" data-element_type=\"widget\" data-widget_type=\"divider.default\">\n\t\t\t\t\t\t\t<div class=\"elementor-divider\">\n\t\t\t<span class=\"elementor-divider-separator\">\n\t\t\t\t\t\t<\/span>\n\t\t<\/div>\n\t\t\t\t\t\t<\/div>\n\t\t\t\t\t<\/div>\n\t\t\t\t<\/div>\n\t\t<div class=\"elementor-element elementor-element-65a54e0 e-flex e-con-boxed e-con e-parent\" data-id=\"65a54e0\" data-element_type=\"container\">\n\t\t\t\t\t<div class=\"e-con-inner\">\n\t\t\t\t<div class=\"elementor-element elementor-element-bdc3208 elementor-widget elementor-widget-heading\" data-id=\"bdc3208\" data-element_type=\"widget\" data-widget_type=\"heading.default\">\n\t\t\t\t\t<h2 class=\"elementor-heading-title elementor-size-default\">Farolas solares LED: iluminaci\u00f3n gratuita, potente y segura<\/h2>\t\t\t\t<\/div>\n\t\t\t\t\t<\/div>\n\t\t\t\t<\/div>\n\t\t<div class=\"elementor-element elementor-element-db75233 e-flex e-con-boxed e-con e-parent\" data-id=\"db75233\" data-element_type=\"container\">\n\t\t\t\t\t<div class=\"e-con-inner\">\n\t\t\t\t<div class=\"elementor-element elementor-element-589d8a6 elementor-widget elementor-widget-text-editor\" data-id=\"589d8a6\" data-element_type=\"widget\" data-widget_type=\"text-editor.default\">\n\t\t\t\t\t\t\t\t\t<p data-start=\"1346\" data-end=\"1379\">Nuestras farolas solares ofrecen:<\/p><ul data-start=\"1381\" data-end=\"1699\"><li data-start=\"1381\" data-end=\"1424\"><p data-start=\"1383\" data-end=\"1424\"><strong data-start=\"1383\" data-end=\"1422\">Iluminaci\u00f3n LED de alta luminosidad<\/strong><\/p><\/li><li data-start=\"1425\" data-end=\"1467\"><p data-start=\"1427\" data-end=\"1467\"><strong data-start=\"1427\" data-end=\"1465\">Placas solares de alto rendimiento<\/strong><\/p><\/li><li data-start=\"1468\" data-end=\"1511\"><p data-start=\"1470\" data-end=\"1511\"><strong data-start=\"1470\" data-end=\"1509\">Bater\u00edas inteligentes de larga vida<\/strong><\/p><\/li><li data-start=\"1512\" data-end=\"1555\"><p data-start=\"1514\" data-end=\"1555\"><strong data-start=\"1514\" data-end=\"1553\">Encendido autom\u00e1tico por fotoc\u00e9lula<\/strong><\/p><\/li><li data-start=\"1556\" data-end=\"1598\"><p data-start=\"1558\" data-end=\"1598\"><strong data-start=\"1558\" data-end=\"1596\">Modo ahorro y sensor de movimiento<\/strong><\/p><\/li><li data-start=\"1599\" data-end=\"1645\"><p data-start=\"1601\" data-end=\"1645\"><strong data-start=\"1601\" data-end=\"1643\">Instalaci\u00f3n r\u00e1pida sin obras ni zanjas<\/strong><\/p><\/li><li data-start=\"1646\" data-end=\"1699\"><p data-start=\"1648\" data-end=\"1699\"><strong data-start=\"1648\" data-end=\"1699\">Sin consumo el\u00e9ctrico ni mantenimiento complejo<\/strong><\/p><\/li><\/ul><p data-start=\"1701\" data-end=\"1804\">Son perfectas para comunidades, caminos privados, accesos a garajes, zonas comunes, jardines y chalets.<\/p>\t\t\t\t\t\t\t\t<\/div>\n\t\t\t\t\t<\/div>\n\t\t\t\t<\/div>\n\t\t<div class=\"elementor-element elementor-element-127713c e-flex e-con-boxed e-con e-parent\" data-id=\"127713c\" data-element_type=\"container\">\n\t\t\t\t\t<div class=\"e-con-inner\">\n\t\t\t\t<div class=\"elementor-element elementor-element-c7e35fa elementor-widget elementor-widget-heading\" data-id=\"c7e35fa\" data-element_type=\"widget\" data-widget_type=\"heading.default\">\n\t\t\t\t\t<h2 class=\"elementor-heading-title elementor-size-default\">Ventajas de instalar iluminaci\u00f3n solar con SeguriTec Levante<\/h2>\t\t\t\t<\/div>\n\t\t\t\t\t<\/div>\n\t\t\t\t<\/div>\n\t\t<div class=\"elementor-element elementor-element-5af7c73 e-flex e-con-boxed e-con e-parent\" data-id=\"5af7c73\" data-element_type=\"container\">\n\t\t\t\t\t<div class=\"e-con-inner\">\n\t\t\t\t<div class=\"elementor-element elementor-element-255a426 elementor-widget elementor-widget-text-editor\" data-id=\"255a426\" data-element_type=\"widget\" data-widget_type=\"text-editor.default\">\n\t\t\t\t\t\t\t\t\t<ul data-start=\"1880\" data-end=\"2304\"><li data-start=\"1880\" data-end=\"1936\"><p data-start=\"1882\" data-end=\"1936\"><strong data-start=\"1882\" data-end=\"1909\">Ahorro energ\u00e9tico total<\/strong>: cero consumo el\u00e9ctrico.<\/p><\/li><li data-start=\"1937\" data-end=\"2012\"><p data-start=\"1939\" data-end=\"2012\"><strong data-start=\"1939\" data-end=\"1959\">M\u00e1xima seguridad<\/strong>: zonas iluminadas para evitar robos o intrusiones.<\/p><\/li><li data-start=\"2013\" data-end=\"2081\"><p data-start=\"2015\" data-end=\"2081\"><strong data-start=\"2015\" data-end=\"2040\">Instalaci\u00f3n sin obras<\/strong>: no requiere cableado ni derivaciones.<\/p><\/li><li data-start=\"2082\" data-end=\"2162\"><p data-start=\"2084\" data-end=\"2162\"><strong data-start=\"2084\" data-end=\"2108\">Resistencia exterior<\/strong>: materiales preparados para lluvia, calor y viento.<\/p><\/li><li data-start=\"2163\" data-end=\"2245\"><p data-start=\"2165\" data-end=\"2245\"><strong data-start=\"2165\" data-end=\"2185\">Est\u00e9tica moderna<\/strong>: farolas elegantes y minimalistas para cualquier entorno.<\/p><\/li><li data-start=\"2246\" data-end=\"2304\"><p data-start=\"2248\" data-end=\"2304\"><strong data-start=\"2248\" data-end=\"2303\">Soluci\u00f3n perfecta para urbanizaciones y comunidades<\/strong>.<\/p><\/li><\/ul>\t\t\t\t\t\t\t\t<\/div>\n\t\t\t\t\t<\/div>\n\t\t\t\t<\/div>\n\t\t<div class=\"elementor-element elementor-element-d954720 e-flex e-con-boxed e-con e-parent\" data-id=\"d954720\" data-element_type=\"container\">\n\t\t\t\t\t<div class=\"e-con-inner\">\n\t\t\t\t<div class=\"elementor-element elementor-element-e31742f elementor-widget elementor-widget-heading\" data-id=\"e31742f\" data-element_type=\"widget\" data-widget_type=\"heading.default\">\n\t\t\t\t\t<h2 class=\"elementor-heading-title elementor-size-default\">Iluminaci\u00f3n solar para zonas vulnerables<\/h2>\t\t\t\t<\/div>\n\t\t\t\t\t<\/div>\n\t\t\t\t<\/div>\n\t\t<div class=\"elementor-element elementor-element-4dc859d e-flex e-con-boxed e-con e-parent\" data-id=\"4dc859d\" data-element_type=\"container\">\n\t\t\t\t\t<div class=\"e-con-inner\">\n\t\t\t\t<div class=\"elementor-element elementor-element-046f4f0 elementor-widget elementor-widget-text-editor\" data-id=\"046f4f0\" data-element_type=\"widget\" data-widget_type=\"text-editor.default\">\n\t\t\t\t\t\t\t\t\t<p data-start=\"2374\" data-end=\"2528\">Una zona exterior iluminada es una barrera muy efectiva contra okupaciones, robos y actos vand\u00e1licos. Por eso muchos clientes instalan farolas solares en:<\/p><ul data-start=\"2530\" data-end=\"2690\"><li data-start=\"2530\" data-end=\"2563\"><p data-start=\"2532\" data-end=\"2563\">Entradas a parcelas y chalets<\/p><\/li><li data-start=\"2564\" data-end=\"2598\"><p data-start=\"2566\" data-end=\"2598\">Zonas laterales menos visibles<\/p><\/li><li data-start=\"2599\" data-end=\"2627\"><p data-start=\"2601\" data-end=\"2627\">Jardines sin iluminaci\u00f3n<\/p><\/li><li data-start=\"2628\" data-end=\"2657\"><p data-start=\"2630\" data-end=\"2657\">Calles privadas y pasajes<\/p><\/li><li data-start=\"2658\" data-end=\"2690\"><p data-start=\"2660\" data-end=\"2690\">Accesos traseros o secundarios<\/p><\/li><\/ul><p data-start=\"2692\" data-end=\"2787\">La iluminaci\u00f3n disuade y aumenta la seguridad de forma pasiva sin depender de la red el\u00e9ctrica.<\/p>\t\t\t\t\t\t\t\t<\/div>\n\t\t\t\t\t<\/div>\n\t\t\t\t<\/div>\n\t\t<div class=\"elementor-element elementor-element-7db78dd e-flex e-con-boxed e-con e-parent\" data-id=\"7db78dd\" data-element_type=\"container\">\n\t\t\t\t\t<div class=\"e-con-inner\">\n\t\t\t\t<div class=\"elementor-element elementor-element-00f560b elementor-widget elementor-widget-heading\" data-id=\"00f560b\" data-element_type=\"widget\" data-widget_type=\"heading.default\">\n\t\t\t\t\t<h2 class=\"elementor-heading-title elementor-size-default\">Instalaci\u00f3n profesional en Castell\u00f3n y Valencia<\/h2>\t\t\t\t<\/div>\n\t\t\t\t\t<\/div>\n\t\t\t\t<\/div>\n\t\t<div class=\"elementor-element elementor-element-6fc65e5 e-flex e-con-boxed e-con e-parent\" data-id=\"6fc65e5\" data-element_type=\"container\">\n\t\t\t\t\t<div class=\"e-con-inner\">\n\t\t\t\t<div class=\"elementor-element elementor-element-d76f17f elementor-widget elementor-widget-text-editor\" data-id=\"d76f17f\" data-element_type=\"widget\" data-widget_type=\"text-editor.default\">\n\t\t\t\t\t\t\t\t\t<p data-start=\"2850\" data-end=\"2873\">Nos encargamos de todo:<\/p><ol data-start=\"2875\" data-end=\"3107\"><li data-start=\"2875\" data-end=\"2909\"><p data-start=\"2878\" data-end=\"2909\">Estudio de la zona a iluminar<\/p><\/li><li data-start=\"2910\" data-end=\"2960\"><p data-start=\"2913\" data-end=\"2960\">Selecci\u00f3n del modelo adecuado de farola solar<\/p><\/li><li data-start=\"2961\" data-end=\"2997\"><p data-start=\"2964\" data-end=\"2997\">Instalaci\u00f3n en postes o paredes<\/p><\/li><li data-start=\"2998\" data-end=\"3040\"><p data-start=\"3001\" data-end=\"3040\">Programaci\u00f3n del sensor de movimiento<\/p><\/li><li data-start=\"3041\" data-end=\"3077\"><p data-start=\"3044\" data-end=\"3077\">Pruebas y optimizaci\u00f3n nocturna<\/p><\/li><li data-start=\"3078\" data-end=\"3107\"><p data-start=\"3081\" data-end=\"3107\">Garant\u00eda y soporte t\u00e9cnico<\/p><\/li><\/ol><p data-start=\"3109\" data-end=\"3225\">Trabajamos en <strong data-start=\"3123\" data-end=\"3160\">Castell\u00f3n, Valencia y alrededores<\/strong>, ofreciendo un servicio r\u00e1pido, limpio y totalmente profesional.<\/p>\t\t\t\t\t\t\t\t<\/div>\n\t\t\t\t\t<\/div>\n\t\t\t\t<\/div>\n\t\t<div class=\"elementor-element elementor-element-1a61383 e-flex e-con-boxed e-con e-parent\" data-id=\"1a61383\" data-element_type=\"container\">\n\t\t\t\t\t<div class=\"e-con-inner\">\n\t\t\t\t<div class=\"elementor-element elementor-element-302b607 elementor-widget elementor-widget-heading\" data-id=\"302b607\" data-element_type=\"widget\" data-widget_type=\"heading.default\">\n\t\t\t\t\t<h2 class=\"elementor-heading-title elementor-size-default\">Mejora la seguridad y el ahorro con iluminaci\u00f3n solar<\/h2>\t\t\t\t<\/div>\n\t\t\t\t\t<\/div>\n\t\t\t\t<\/div>\n\t\t<div class=\"elementor-element elementor-element-058c204 e-flex e-con-boxed e-con e-parent\" data-id=\"058c204\" data-element_type=\"container\">\n\t\t\t\t\t<div class=\"e-con-inner\">\n\t\t\t\t<div class=\"elementor-element elementor-element-75deaa7 elementor-widget elementor-widget-text-editor\" data-id=\"75deaa7\" data-element_type=\"widget\" data-widget_type=\"text-editor.default\">\n\t\t\t\t\t\t\t\t\t<p data-start=\"3294\" data-end=\"3492\">Si deseas iluminar tu comunidad, parcela, negocio o urbanizaci\u00f3n sin costes el\u00e9ctricos y con un sistema fiable, en <strong data-start=\"3409\" data-end=\"3430\">SeguriTec Levante<\/strong> te ofrecemos las mejores soluciones en iluminaci\u00f3n solar LED.<\/p><p data-start=\"3494\" data-end=\"3570\"><strong data-start=\"3494\" data-end=\"3570\">Instalamos, configuramos y garantizamos un sistema duradero y eficiente.<\/strong><\/p>\t\t\t\t\t\t\t\t<\/div>\n\t\t\t\t\t<\/div>\n\t\t\t\t<\/div>\n\t\t<div class=\"elementor-element elementor-element-510a5ed e-flex e-con-boxed e-con e-parent\" data-id=\"510a5ed\" data-element_type=\"container\">\n\t\t\t\t\t<div class=\"e-con-inner\">\n\t\t\t\t<div class=\"elementor-element elementor-element-b7ccb9f elementor-widget-divider--view-line elementor-widget elementor-widget-divider\" data-id=\"b7ccb9f\" data-element_type=\"widget\" data-widget_type=\"divider.default\">\n\t\t\t\t\t\t\t<div class=\"elementor-divider\">\n\t\t\t<span class=\"elementor-divider-separator\">\n\t\t\t\t\t\t<\/span>\n\t\t<\/div>\n\t\t\t\t\t\t<\/div>\n\t\t\t\t\t<\/div>\n\t\t\t\t<\/div>\n\t\t<div class=\"elementor-element elementor-element-e08e1f5 e-flex e-con-boxed e-con e-parent\" data-id=\"e08e1f5\" data-element_type=\"container\">\n\t\t\t\t\t<div class=\"e-con-inner\">\n\t\t\t\t<div class=\"elementor-element elementor-element-f61509d elementor-widget elementor-widget-shortcode\" data-id=\"f61509d\" data-element_type=\"widget\" data-widget_type=\"shortcode.default\">\n\t\t\t\t\t\t\t<div class=\"elementor-shortcode\">\n<div class=\"wpcf7 no-js\" id=\"wpcf7-f55-o1\" lang=\"es-ES\" dir=\"ltr\" data-wpcf7-id=\"55\">\n<div class=\"screen-reader-response\"><p role=\"status\" aria-live=\"polite\" aria-atomic=\"true\"><\/p> <ul><\/ul><\/div>\n<form action=\"\/index.php\/wp-json\/wp\/v2\/pages\/305#wpcf7-f55-o1\" method=\"post\" class=\"wpcf7-form init\" aria-label=\"Formulario de contacto\" novalidate=\"novalidate\" data-status=\"init\">\n<fieldset class=\"hidden-fields-container\"><input type=\"hidden\" name=\"_wpcf7\" value=\"55\" \/><input type=\"hidden\" name=\"_wpcf7_version\" value=\"6.1.3\" \/><input type=\"hidden\" name=\"_wpcf7_locale\" value=\"es_ES\" \/><input type=\"hidden\" name=\"_wpcf7_unit_tag\" value=\"wpcf7-f55-o1\" \/><input type=\"hidden\" name=\"_wpcf7_container_post\" value=\"0\" \/><input type=\"hidden\" name=\"_wpcf7_posted_data_hash\" value=\"\" \/>\n<\/fieldset>\n<p><label> Nombre<br \/>\n<span class=\"wpcf7-form-control-wrap\" data-name=\"your-name\"><input size=\"40\" maxlength=\"400\" class=\"wpcf7-form-control wpcf7-text wpcf7-validates-as-required\" aria-required=\"true\" aria-invalid=\"false\" value=\"\" type=\"text\" name=\"your-name\" \/><\/span> <\/label>\n<\/p>\n<p><label> Tel\u00e9fono<br \/>\n<span class=\"wpcf7-form-control-wrap\" data-name=\"your-phone\"><input size=\"40\" maxlength=\"400\" class=\"wpcf7-form-control wpcf7-tel wpcf7-validates-as-required wpcf7-text wpcf7-validates-as-tel\" aria-required=\"true\" aria-invalid=\"false\" value=\"\" type=\"tel\" name=\"your-phone\" \/><\/span> <\/label>\n<\/p>\n<p><label> Correo electr\u00f3nico<br \/>\n<span class=\"wpcf7-form-control-wrap\" data-name=\"your-email\"><input size=\"40\" maxlength=\"400\" class=\"wpcf7-form-control wpcf7-email wpcf7-validates-as-required wpcf7-text wpcf7-validates-as-email\" aria-required=\"true\" aria-invalid=\"false\" value=\"\" type=\"email\" name=\"your-email\" \/><\/span> <\/label>\n<\/p>\n<p><label> Mensaje<br \/>\n<span class=\"wpcf7-form-control-wrap\" data-name=\"your-message\"><textarea cols=\"40\" rows=\"10\" maxlength=\"2000\" class=\"wpcf7-form-control wpcf7-textarea\" aria-invalid=\"false\" name=\"your-message\"><\/textarea><\/span> <\/label>\n<\/p>\n<p><span class=\"wpcf7-form-control-wrap\" data-name=\"privacidad\"><span class=\"wpcf7-form-control wpcf7-acceptance\"><span class=\"wpcf7-list-item\"><label><input type=\"checkbox\" name=\"privacidad\" value=\"1\" aria-invalid=\"false\" \/><span class=\"wpcf7-list-item-label\">He le\u00eddo y acepto la <a href=\"\/politica-de-privacidad\" target=\"_blank\">pol\u00edtica de privacidad<\/a>.<\/span><\/label><\/span><\/span><\/span>\n<\/p>\n<p><input class=\"wpcf7-form-control wpcf7-submit has-spinner\" type=\"submit\" value=\"Enviar mensaje\" \/>\n<\/p><div class=\"wpcf7-response-output\" aria-hidden=\"true\"><\/div>\n<\/form>\n<\/div>\n<\/div>\n\t\t\t\t\t\t<\/div>\n\t\t\t\t\t<\/div>\n\t\t\t\t<\/div>\n\t\t<div class=\"elementor-element elementor-element-024e767 e-flex e-con-boxed e-con e-parent\" data-id=\"024e767\" data-element_type=\"container\">\n\t\t\t\t\t<div class=\"e-con-inner\">\n\t\t\t\t<div class=\"elementor-element elementor-element-5ebfede elementor-widget elementor-widget-image\" data-id=\"5ebfede\" data-element_type=\"widget\" data-widget_type=\"image.default\">\n\t\t\t\t\t\t\t\t\t\t\t\t\t\t\t<img decoding=\"async\" width=\"570\" height=\"200\" src=\"http:\/\/seguriteclevante.es\/wp-content\/uploads\/2025\/11\/cropped-IMG_2274-129x45.jpg\" class=\"attachment-large size-large wp-image-40\" alt=\"\" srcset=\"http:\/\/seguriteclevante.es\/wp-content\/uploads\/2025\/11\/cropped-IMG_2274.jpg 570w, http:\/\/seguriteclevante.es\/wp-content\/uploads\/2025\/11\/cropped-IMG_2274-300x105.jpg 300w, http:\/\/seguriteclevante.es\/wp-content\/uploads\/2025\/11\/cropped-IMG_2274-129x45.jpg 129w\" sizes=\"(max-width: 570px) 100vw, 570px\" \/>\t\t\t\t\t\t\t\t\t\t\t\t\t\t\t<\/div>\n\t\t\t\t\t<\/div>\n\t\t\t\t<\/div>\n\t\t<div class=\"elementor-element elementor-element-05ee3b7 e-flex e-con-boxed e-con e-parent\" data-id=\"05ee3b7\" data-element_type=\"container\">\n\t\t\t\t\t<div class=\"e-con-inner\">\n\t\t\t\t<div class=\"elementor-element elementor-element-1fef218 elementor-widget elementor-widget-text-editor\" data-id=\"1fef218\" data-element_type=\"widget\" data-widget_type=\"text-editor.default\">\n\t\t\t\t\t\t\t\t\t<p>Especialistas en seguridad, dom\u00f3tica y tecnolog\u00eda en Castell\u00f3n y Valencia.<\/p>\t\t\t\t\t\t\t\t<\/div>\n\t\t\t\t\t<\/div>\n\t\t\t\t<\/div>\n\t\t<div class=\"elementor-element elementor-element-df25274 e-flex e-con-boxed e-con e-parent\" data-id=\"df25274\" data-element_type=\"container\">\n\t\t\t\t\t<div class=\"e-con-inner\">\n\t\t\t\t<div class=\"elementor-element elementor-element-4f11611 elementor-widget elementor-widget-html\" data-id=\"4f11611\" data-element_type=\"widget\" data-widget_type=\"html.default\">\n\t\t\t\t\t<p style=\"text-align:center; font-size:14px; margin:10px 0;\">\r\n\ud83d\udcde <a href=\"tel:+34614316010\" style=\"text-decoration:none; color:inherit;\">614 316 010<\/a>\r\n&nbsp;|&nbsp;\r\n\ud83d\udce7 <a href=\"mailto:info@seguriteclevante.es\" style=\"text-decoration:none; color:inherit;\">info@seguriteclevante.es<\/a>\r\n&nbsp;|&nbsp;\r\n\ud83d\udd52 Lunes a Viernes: 8:00 \u2013 20:00\r\n<\/p>\t\t\t\t<\/div>\n\t\t\t\t\t<\/div>\n\t\t\t\t<\/div>\n\t\t\t\t<\/div>\n\t\t","protected":false},"excerpt":{"rendered":"<p>Instalaci\u00f3n de farolas solares para viviendas, chalets y comunidades en Castell\u00f3n y Valencia En SeguriTec Levante instalamos sistemas de iluminaci\u00f3n [&hellip;]<\/p>\n","protected":false},"author":1,"featured_media":0,"parent":0,"menu_order":0,"comment_status":"closed","ping_status":"closed","template":"","meta":{"site-sidebar-layout":"no-sidebar","site-content-layout":"","ast-site-content-layout":"full-width-container","site-content-style":"default","site-sidebar-style":"default","ast-global-header-display":"","ast-banner-title-visibility":"","ast-main-header-display":"","ast-hfb-above-header-display":"","ast-hfb-below-header-display":"","ast-hfb-mobile-header-display":"","site-post-title":"disabled","ast-breadcrumbs-content":"","ast-featured-img":"disabled","footer-sml-layout":"","theme-transparent-header-meta":"","adv-header-id-meta":"","stick-header-meta":"","header-above-stick-meta":"","header-main-stick-meta":"","header-below-stick-meta":"","astra-migrate-meta-layouts":"default","ast-page-background-enabled":"default","ast-page-background-meta":{"desktop":{"background-color":"var(--ast-global-color-5)","background-image":"","background-repeat":"repeat","background-position":"center center","background-size":"auto","background-attachment":"scroll","background-type":"","background-media":"","overlay-type":"","overlay-color":"","overlay-opacity":"","overlay-gradient":""},"tablet":{"background-color":"","background-image":"","background-repeat":"repeat","background-position":"center center","background-size":"auto","background-attachment":"scroll","background-type":"","background-media":"","overlay-type":"","overlay-color":"","overlay-opacity":"","overlay-gradient":""},"mobile":{"background-color":"","background-image":"","background-repeat":"repeat","background-position":"center center","background-size":"auto","background-attachment":"scroll","background-type":"","background-media":"","overlay-type":"","overlay-color":"","overlay-opacity":"","overlay-gradient":""}},"ast-content-background-meta":{"desktop":{"background-color":"var(--ast-global-color-4)","background-image":"","background-repeat":"repeat","background-position":"center center","background-size":"auto","background-attachment":"scroll","background-type":"","background-media":"","overlay-type":"","overlay-color":"","overlay-opacity":"","overlay-gradient":""},"tablet":{"background-color":"var(--ast-global-color-4)","background-image":"","background-repeat":"repeat","background-position":"center center","background-size":"auto","background-attachment":"scroll","background-type":"","background-media":"","overlay-type":"","overlay-color":"","overlay-opacity":"","overlay-gradient":""},"mobile":{"background-color":"var(--ast-global-color-4)","background-image":"","background-repeat":"repeat","background-position":"center center","background-size":"auto","background-attachment":"scroll","background-type":"","background-media":"","overlay-type":"","overlay-color":"","overlay-opacity":"","overlay-gradient":""}},"footnotes":""},"class_list":["post-305","page","type-page","status-publish","hentry"],"_links":{"self":[{"href":"https:\/\/seguriteclevante.es\/index.php\/wp-json\/wp\/v2\/pages\/305","targetHints":{"allow":["GET"]}}],"collection":[{"href":"https:\/\/seguriteclevante.es\/index.php\/wp-json\/wp\/v2\/pages"}],"about":[{"href":"https:\/\/seguriteclevante.es\/index.php\/wp-json\/wp\/v2\/types\/page"}],"author":[{"embeddable":true,"href":"https:\/\/seguriteclevante.es\/index.php\/wp-json\/wp\/v2\/users\/1"}],"replies":[{"embeddable":true,"href":"https:\/\/seguriteclevante.es\/index.php\/wp-json\/wp\/v2\/comments?post=305"}],"version-history":[{"count":31,"href":"https:\/\/seguriteclevante.es\/index.php\/wp-json\/wp\/v2\/pages\/305\/revisions"}],"predecessor-version":[{"id":776,"href":"https:\/\/seguriteclevante.es\/index.php\/wp-json\/wp\/v2\/pages\/305\/revisions\/776"}],"wp:attachment":[{"href":"https:\/\/seguriteclevante.es\/index.php\/wp-json\/wp\/v2\/media?parent=305"}],"curies":[{"name":"wp","href":"https:\/\/api.w.org\/{rel}","templated":true}]}}