{"id":324,"date":"2025-11-30T19:13:51","date_gmt":"2025-11-30T19:13:51","guid":{"rendered":"https:\/\/seguriteclevante.es\/?page_id=324"},"modified":"2025-11-30T19:35:39","modified_gmt":"2025-11-30T19:35:39","slug":"politica-de-cookies","status":"publish","type":"page","link":"https:\/\/seguriteclevante.es\/index.php\/politica-de-cookies\/","title":{"rendered":"Pol\u00edtica de cookies"},"content":{"rendered":"\t\t<div data-elementor-type=\"wp-page\" data-elementor-id=\"324\" class=\"elementor elementor-324\">\n\t\t\t\t<div class=\"elementor-element elementor-element-5a24ab2 e-flex e-con-boxed e-con e-parent\" data-id=\"5a24ab2\" data-element_type=\"container\">\n\t\t\t\t\t<div class=\"e-con-inner\">\n\t\t\t\t<div class=\"elementor-element elementor-element-877477f elementor-widget elementor-widget-text-editor\" data-id=\"877477f\" data-element_type=\"widget\" data-widget_type=\"text-editor.default\">\n\t\t\t\t\t\t\t\t\t<p>1. Qu\u00e9 son las cookies<\/p><p>Una cookie es un archivo que se descarga en el dispositivo del usuario al acceder a una web para almacenar y recuperar informaci\u00f3n sobre la navegaci\u00f3n.<\/p><p>2. Tipos de cookies utilizadas en esta web<\/p><p>Cookies t\u00e9cnicas (obligatorias):<\/p><p>Permiten el funcionamiento b\u00e1sico de la web. No requieren consentimiento.<\/p><p>Cookies anal\u00edticas (Google Analytics u otras herramientas):<\/p><p>Permiten medir el tr\u00e1fico y mejorar la experiencia de usuario. Requieren consentimiento.<\/p><p>Cookies de terceros:<\/p><p>Son instaladas por servicios externos como Google Maps, YouTube, redes sociales, etc.<\/p><p>3. Gesti\u00f3n y configuraci\u00f3n de cookies<\/p><p>El usuario puede permitir, bloquear o eliminar las cookies instaladas en su dispositivo desde las opciones del navegador:<\/p><p>\u00a0<\/p><ul><li><p>Chrome<\/p><\/li><li><p>Firefox<\/p><\/li><li><p>Safari<\/p><\/li><li><p>Edge<\/p><\/li><\/ul><p>\u00a0<\/p><p>Adem\u00e1s, esta web muestra un banner de consentimiento para aceptar o rechazar cookies anal\u00edticas y de terceros.<\/p><p>4. Desactivaci\u00f3n de cookies<\/p><p>SeguriTec Levante no se responsabiliza de una mala navegaci\u00f3n si el usuario desactiva las cookies t\u00e9cnicas.<\/p><p>5. Informaci\u00f3n adicional<\/p><p>Para m\u00e1s informaci\u00f3n sobre el tratamiento de datos, consulte la Pol\u00edtica de Privacidad.<\/p>\t\t\t\t\t\t\t\t<\/div>\n\t\t\t\t\t<\/div>\n\t\t\t\t<\/div>\n\t\t\t\t<\/div>\n\t\t","protected":false},"excerpt":{"rendered":"<p>1. Qu\u00e9 son las cookies Una cookie es un archivo que se descarga en el dispositivo del usuario al acceder [&hellip;]<\/p>\n","protected":false},"author":1,"featured_media":0,"parent":0,"menu_order":0,"comment_status":"closed","ping_status":"closed","template":"","meta":{"site-sidebar-layout":"no-sidebar","site-content-layout":"","ast-site-content-layout":"full-width-container","site-content-style":"default","site-sidebar-style":"default","ast-global-header-display":"","ast-banner-title-visibility":"","ast-main-header-display":"","ast-hfb-above-header-display":"","ast-hfb-below-header-display":"","ast-hfb-mobile-header-display":"","site-post-title":"","ast-breadcrumbs-content":"","ast-featured-img":"disabled","footer-sml-layout":"","theme-transparent-header-meta":"","adv-header-id-meta":"","stick-header-meta":"","header-above-stick-meta":"","header-main-stick-meta":"","header-below-stick-meta":"","astra-migrate-meta-layouts":"default","ast-page-background-enabled":"default","ast-page-background-meta":{"desktop":{"background-color":"var(--ast-global-color-5)","background-image":"","background-repeat":"repeat","background-position":"center center","background-size":"auto","background-attachment":"scroll","background-type":"","background-media":"","overlay-type":"","overlay-color":"","overlay-opacity":"","overlay-gradient":""},"tablet":{"background-color":"","background-image":"","background-repeat":"repeat","background-position":"center center","background-size":"auto","background-attachment":"scroll","background-type":"","background-media":"","overlay-type":"","overlay-color":"","overlay-opacity":"","overlay-gradient":""},"mobile":{"background-color":"","background-image":"","background-repeat":"repeat","background-position":"center center","background-size":"auto","background-attachment":"scroll","background-type":"","background-media":"","overlay-type":"","overlay-color":"","overlay-opacity":"","overlay-gradient":""}},"ast-content-background-meta":{"desktop":{"background-color":"var(--ast-global-color-4)","background-image":"","background-repeat":"repeat","background-position":"center center","background-size":"auto","background-attachment":"scroll","background-type":"","background-media":"","overlay-type":"","overlay-color":"","overlay-opacity":"","overlay-gradient":""},"tablet":{"background-color":"var(--ast-global-color-4)","background-image":"","background-repeat":"repeat","background-position":"center center","background-size":"auto","background-attachment":"scroll","background-type":"","background-media":"","overlay-type":"","overlay-color":"","overlay-opacity":"","overlay-gradient":""},"mobile":{"background-color":"var(--ast-global-color-4)","background-image":"","background-repeat":"repeat","background-position":"center center","background-size":"auto","background-attachment":"scroll","background-type":"","background-media":"","overlay-type":"","overlay-color":"","overlay-opacity":"","overlay-gradient":""}},"footnotes":""},"class_list":["post-324","page","type-page","status-publish","hentry"],"_links":{"self":[{"href":"https:\/\/seguriteclevante.es\/index.php\/wp-json\/wp\/v2\/pages\/324","targetHints":{"allow":["GET"]}}],"collection":[{"href":"https:\/\/seguriteclevante.es\/index.php\/wp-json\/wp\/v2\/pages"}],"about":[{"href":"https:\/\/seguriteclevante.es\/index.php\/wp-json\/wp\/v2\/types\/page"}],"author":[{"embeddable":true,"href":"https:\/\/seguriteclevante.es\/index.php\/wp-json\/wp\/v2\/users\/1"}],"replies":[{"embeddable":true,"href":"https:\/\/seguriteclevante.es\/index.php\/wp-json\/wp\/v2\/comments?post=324"}],"version-history":[{"count":4,"href":"https:\/\/seguriteclevante.es\/index.php\/wp-json\/wp\/v2\/pages\/324\/revisions"}],"predecessor-version":[{"id":332,"href":"https:\/\/seguriteclevante.es\/index.php\/wp-json\/wp\/v2\/pages\/324\/revisions\/332"}],"wp:attachment":[{"href":"https:\/\/seguriteclevante.es\/index.php\/wp-json\/wp\/v2\/media?parent=324"}],"curies":[{"name":"wp","href":"https:\/\/api.w.org\/{rel}","templated":true}]}}